{"id":2349,"date":"2025-02-24T15:43:01","date_gmt":"2025-02-24T18:43:01","guid":{"rendered":"https:\/\/alsco.com.br\/?page_id=2349"},"modified":"2025-08-12T00:33:36","modified_gmt":"2025-08-12T03:33:36","slug":"literatura","status":"publish","type":"page","link":"https:\/\/alsco.com.br\/en\/literatura\/","title":{"rendered":"Literatura"},"content":{"rendered":"<div data-elementor-type=\"wp-page\" data-elementor-id=\"2349\" class=\"elementor elementor-2349\" data-elementor-post-type=\"page\">\n\t\t\t\t\t\t\t\t\t<section class=\"elementor-section elementor-top-section elementor-element elementor-element-9121b73 elementor-section-boxed elementor-section-height-default elementor-section-height-default\" data-id=\"9121b73\" data-element_type=\"section\" data-settings=\"{&quot;jet_parallax_layout_list&quot;:[]}\">\n\t\t\t\t\t\t<div class=\"elementor-container elementor-column-gap-default\">\n\t\t\t\t\t<div class=\"elementor-column elementor-col-33 elementor-top-column elementor-element elementor-element-e8904cc\" data-id=\"e8904cc\" data-element_type=\"column\">\n\t\t\t<div class=\"elementor-widget-wrap elementor-element-populated\">\n\t\t\t\t\t\t\t\t<div class=\"elementor-element elementor-element-abeae8d elementor-widget elementor-widget-text-editor\" data-id=\"abeae8d\" data-element_type=\"widget\" data-widget_type=\"text-editor.default\">\n\t\t\t\t<div class=\"elementor-widget-container\">\n\t\t\t\t\t\t\t<div class=\"literatura-item\">\n\n<a href=\"https:\/\/alsco.com.br\/en\/literatura\/formulario-solucoes-comercio-estetica-e-fitness\/\"><img decoding=\"async\" src=\"\/wp-content\/uploads\/2025\/02\/1-esteticaFitness.jpg\" width=\"120\" height=\"120\" \/><\/a>\n<h5><a href=\"https:\/\/alsco.com.br\/en\/literatura\/formulario-solucoes-comercio-estetica-e-fitness\/\">Solu\u00e7\u00f5es Com\u00e9rcio &#8211; Est\u00e9tica e Fitness<\/a><\/h5>\n<\/div>\t\t\t\t\t\t<\/div>\n\t\t\t\t<\/div>\n\t\t\t\t\t<\/div>\n\t\t<\/div>\n\t\t\t\t<div class=\"elementor-column elementor-col-33 elementor-top-column elementor-element elementor-element-614d528\" data-id=\"614d528\" data-element_type=\"column\">\n\t\t\t<div class=\"elementor-widget-wrap elementor-element-populated\">\n\t\t\t\t\t\t\t\t<div class=\"elementor-element elementor-element-c6ad877 elementor-widget elementor-widget-text-editor\" data-id=\"c6ad877\" data-element_type=\"widget\" data-widget_type=\"text-editor.default\">\n\t\t\t\t<div class=\"elementor-widget-container\">\n\t\t\t\t\t\t\t<div class=\"literatura-item\">\n\n<a href=\"https:\/\/alsco.com.br\/en\/literatura\/formulario-solucoes-comercio-restaurantes\/\"><img decoding=\"async\" src=\"\/wp-content\/uploads\/2025\/02\/2-restaurantes.jpg\" width=\"120\" height=\"120\" \/><\/a>\n<h5><a href=\"https:\/\/alsco.com.br\/en\/literatura\/formulario-solucoes-comercio-restaurantes\/\">Solu\u00e7\u00f5es Com\u00e9rcio \u2013 Restaurantes<\/a><\/h5>\n<\/div>\t\t\t\t\t\t<\/div>\n\t\t\t\t<\/div>\n\t\t\t\t\t<\/div>\n\t\t<\/div>\n\t\t\t\t<div class=\"elementor-column elementor-col-33 elementor-top-column elementor-element elementor-element-811be66\" data-id=\"811be66\" data-element_type=\"column\">\n\t\t\t<div class=\"elementor-widget-wrap elementor-element-populated\">\n\t\t\t\t\t\t\t\t<div class=\"elementor-element elementor-element-8865c41 elementor-widget elementor-widget-text-editor\" data-id=\"8865c41\" data-element_type=\"widget\" data-widget_type=\"text-editor.default\">\n\t\t\t\t<div class=\"elementor-widget-container\">\n\t\t\t\t\t\t\t<div class=\"literatura-item\">\n\n<a href=\"https:\/\/alsco.com.br\/en\/literatura\/formulario-tapetes\/\"><img decoding=\"async\" src=\"\/wp-content\/uploads\/2025\/02\/3-tapete.jpg\" width=\"120\" height=\"120\" \/><\/a>\n<h5><a href=\"https:\/\/alsco.com.br\/en\/literatura\/formulario-tapetes\/\">Mats<\/a><\/h5>\n<\/div>\t\t\t\t\t\t<\/div>\n\t\t\t\t<\/div>\n\t\t\t\t\t<\/div>\n\t\t<\/div>\n\t\t\t\t\t\t\t<\/div>\n\t\t<\/section>\n\t\t\t\t<section class=\"elementor-section elementor-top-section elementor-element elementor-element-7a5f82e elementor-section-boxed elementor-section-height-default elementor-section-height-default\" data-id=\"7a5f82e\" data-element_type=\"section\" data-settings=\"{&quot;jet_parallax_layout_list&quot;:[]}\">\n\t\t\t\t\t\t<div class=\"elementor-container elementor-column-gap-default\">\n\t\t\t\t\t<div class=\"elementor-column elementor-col-33 elementor-top-column elementor-element elementor-element-2b18970\" data-id=\"2b18970\" data-element_type=\"column\">\n\t\t\t<div class=\"elementor-widget-wrap elementor-element-populated\">\n\t\t\t\t\t\t\t\t<div class=\"elementor-element elementor-element-0ff17cb elementor-widget elementor-widget-text-editor\" data-id=\"0ff17cb\" data-element_type=\"widget\" data-widget_type=\"text-editor.default\">\n\t\t\t\t<div class=\"elementor-widget-container\">\n\t\t\t\t\t\t\t<div class=\"literatura-item\">\n<a href=\"https:\/\/alsco.com.br\/en\/literatura\/formulario-toalhas-industriais\/\"><img loading=\"lazy\" decoding=\"async\" src=\"\/wp-content\/uploads\/2025\/02\/4-toalha.jpg\" width=\"120\" height=\"120\" \/><\/a>\n<h5><a href=\"https:\/\/alsco.com.br\/en\/literatura\/formulario-toalhas-industriais\/\">Industrial Towels<\/a><\/h5>\n<\/div>\t\t\t\t\t\t<\/div>\n\t\t\t\t<\/div>\n\t\t\t\t\t<\/div>\n\t\t<\/div>\n\t\t\t\t<div class=\"elementor-column elementor-col-33 elementor-top-column elementor-element elementor-element-0b136c5\" data-id=\"0b136c5\" data-element_type=\"column\">\n\t\t\t<div class=\"elementor-widget-wrap elementor-element-populated\">\n\t\t\t\t\t\t\t\t<div class=\"elementor-element elementor-element-96244f2 elementor-widget elementor-widget-text-editor\" data-id=\"96244f2\" data-element_type=\"widget\" data-widget_type=\"text-editor.default\">\n\t\t\t\t<div class=\"elementor-widget-container\">\n\t\t\t\t\t\t\t<div class=\"literatura-item\">\n<a href=\"https:\/\/alsco.com.br\/en\/literatura\/formulario-uniformes-cleanroom\/\"><img loading=\"lazy\" decoding=\"async\" src=\"\/wp-content\/uploads\/2025\/02\/5-cleanroom.jpg\" width=\"120\" height=\"120\" \/><\/a>\n<h5><a href=\"https:\/\/alsco.com.br\/en\/literatura\/formulario-uniformes-cleanroom\/\">Uniformes Cleanroom<\/a><\/h5>\n<\/div>\t\t\t\t\t\t<\/div>\n\t\t\t\t<\/div>\n\t\t\t\t\t<\/div>\n\t\t<\/div>\n\t\t\t\t<div class=\"elementor-column elementor-col-33 elementor-top-column elementor-element elementor-element-154edd1\" data-id=\"154edd1\" data-element_type=\"column\">\n\t\t\t<div class=\"elementor-widget-wrap elementor-element-populated\">\n\t\t\t\t\t\t\t\t<div class=\"elementor-element elementor-element-8844041 elementor-widget elementor-widget-text-editor\" data-id=\"8844041\" data-element_type=\"widget\" data-widget_type=\"text-editor.default\">\n\t\t\t\t<div class=\"elementor-widget-container\">\n\t\t\t\t\t\t\t<div class=\"literatura-item\">\n<a href=\"https:\/\/alsco.com.br\/en\/literatura\/formulario-uniformes-profissionais\/\"><img loading=\"lazy\" decoding=\"async\" src=\"\/wp-content\/uploads\/2025\/02\/6-profissionais.jpg\" width=\"120\" height=\"120\" \/><\/a>\n<h5><a href=\"https:\/\/alsco.com.br\/en\/literatura\/formulario-uniformes-profissionais\/\">Uniformes Profissionais<\/a><\/h5>\n<\/div>\t\t\t\t\t\t<\/div>\n\t\t\t\t<\/div>\n\t\t\t\t\t<\/div>\n\t\t<\/div>\n\t\t\t\t\t\t\t<\/div>\n\t\t<\/section>\n\t\t\t\t<section class=\"elementor-section elementor-top-section elementor-element elementor-element-233a052 elementor-section-boxed elementor-section-height-default elementor-section-height-default\" data-id=\"233a052\" data-element_type=\"section\" data-settings=\"{&quot;jet_parallax_layout_list&quot;:[]}\">\n\t\t\t\t\t\t<div class=\"elementor-container elementor-column-gap-default\">\n\t\t\t\t\t<div class=\"elementor-column elementor-col-33 elementor-top-column elementor-element elementor-element-61ccf5c\" data-id=\"61ccf5c\" data-element_type=\"column\">\n\t\t\t<div class=\"elementor-widget-wrap elementor-element-populated\">\n\t\t\t\t\t\t\t\t<div class=\"elementor-element elementor-element-4fc2b61 elementor-widget elementor-widget-text-editor\" data-id=\"4fc2b61\" data-element_type=\"widget\" data-widget_type=\"text-editor.default\">\n\t\t\t\t<div class=\"elementor-widget-container\">\n\t\t\t\t\t\t\t<div class=\"literatura-item\">\n<a href=\"https:\/\/alsco.com.br\/en\/literatura\/formulario-vestimentas-agronegocio\/\"><img loading=\"lazy\" decoding=\"async\" src=\"\/wp-content\/uploads\/2025\/02\/7-agro.jpg\" width=\"120\" height=\"120\" \/><\/a>\n<h5><a href=\"https:\/\/alsco.com.br\/en\/literatura\/formulario-vestimentas-agronegocio\/\">Vestimentas Agroneg\u00f3cio<\/a><\/h5>\n<\/div>\t\t\t\t\t\t<\/div>\n\t\t\t\t<\/div>\n\t\t\t\t\t<\/div>\n\t\t<\/div>\n\t\t\t\t<div class=\"elementor-column elementor-col-33 elementor-top-column elementor-element elementor-element-f1b8847\" data-id=\"f1b8847\" data-element_type=\"column\">\n\t\t\t<div class=\"elementor-widget-wrap elementor-element-populated\">\n\t\t\t\t\t\t\t\t<div class=\"elementor-element elementor-element-41f62c8 elementor-widget elementor-widget-text-editor\" data-id=\"41f62c8\" data-element_type=\"widget\" data-widget_type=\"text-editor.default\">\n\t\t\t\t<div class=\"elementor-widget-container\">\n\t\t\t\t\t\t\t<div class=\"literatura-item\">\n<a href=\"https:\/\/alsco.com.br\/en\/literatura\/formulario-vestimentas-antichamas\/\"><img loading=\"lazy\" decoding=\"async\" src=\"\/wp-content\/uploads\/2025\/02\/8-antichamas.jpg\" width=\"120\" height=\"120\" \/><\/a>\n<h5><a href=\"https:\/\/alsco.com.br\/en\/literatura\/formulario-vestimentas-antichamas\/\">Vestimentas Antichamas<\/a><\/h5>\n<\/div>\t\t\t\t\t\t<\/div>\n\t\t\t\t<\/div>\n\t\t\t\t\t<\/div>\n\t\t<\/div>\n\t\t\t\t<div class=\"elementor-column elementor-col-33 elementor-top-column elementor-element elementor-element-10b2034\" data-id=\"10b2034\" data-element_type=\"column\">\n\t\t\t<div class=\"elementor-widget-wrap elementor-element-populated\">\n\t\t\t\t\t\t\t\t<div class=\"elementor-element elementor-element-376226c elementor-widget elementor-widget-text-editor\" data-id=\"376226c\" data-element_type=\"widget\" data-widget_type=\"text-editor.default\">\n\t\t\t\t<div class=\"elementor-widget-container\">\n\t\t\t\t\t\t\t<div class=\"literatura-item\">\n<a href=\"https:\/\/alsco.com.br\/en\/literatura\/formulario-armarios-industriais\/\"><img loading=\"lazy\" decoding=\"async\" src=\"\/wp-content\/uploads\/2025\/02\/9-armarios.jpg\" width=\"120\" height=\"120\" \/><\/a>\n<h5><a href=\"https:\/\/alsco.com.br\/en\/literatura\/formulario-armarios-industriais\/\">Arm\u00e1rios Industriais<\/a><\/h5>\n<\/div>\t\t\t\t\t\t<\/div>\n\t\t\t\t<\/div>\n\t\t\t\t\t<\/div>\n\t\t<\/div>\n\t\t\t\t\t\t\t<\/div>\n\t\t<\/section>\n\t\t\t\t<section class=\"elementor-section elementor-top-section elementor-element elementor-element-f35d4dc elementor-section-boxed elementor-section-height-default elementor-section-height-default\" data-id=\"f35d4dc\" data-element_type=\"section\" data-settings=\"{&quot;jet_parallax_layout_list&quot;:[]}\">\n\t\t\t\t\t\t<div class=\"elementor-container elementor-column-gap-default\">\n\t\t\t\t\t<div class=\"elementor-column elementor-col-33 elementor-top-column elementor-element elementor-element-f78119d\" data-id=\"f78119d\" data-element_type=\"column\">\n\t\t\t<div class=\"elementor-widget-wrap elementor-element-populated\">\n\t\t\t\t\t\t\t\t<div class=\"elementor-element elementor-element-17c3d02 elementor-widget elementor-widget-text-editor\" data-id=\"17c3d02\" data-element_type=\"widget\" data-widget_type=\"text-editor.default\">\n\t\t\t\t<div class=\"elementor-widget-container\">\n\t\t\t\t\t\t\t<div class=\"literatura-item\">\n<a href=\"https:\/\/alsco.com.br\/en\/literatura\/formulario-locacao-e-higienizacao-de-epis\/\"><img loading=\"lazy\" decoding=\"async\" src=\"\/wp-content\/uploads\/2025\/02\/10-locacao.jpg\" width=\"120\" height=\"120\" \/><\/a>\n<h5><a href=\"https:\/\/alsco.com.br\/en\/literatura\/formulario-locacao-e-higienizacao-de-epis\/\">PPE Rental and Sanitization<\/a><\/h5>\n<\/div>\t\t\t\t\t\t<\/div>\n\t\t\t\t<\/div>\n\t\t\t\t\t<\/div>\n\t\t<\/div>\n\t\t\t\t<div class=\"elementor-column elementor-col-33 elementor-top-column elementor-element elementor-element-35e0c3a\" data-id=\"35e0c3a\" data-element_type=\"column\">\n\t\t\t<div class=\"elementor-widget-wrap\">\n\t\t\t\t\t\t\t\t\t<\/div>\n\t\t<\/div>\n\t\t\t\t<div class=\"elementor-column elementor-col-33 elementor-top-column elementor-element elementor-element-b58c83d\" data-id=\"b58c83d\" data-element_type=\"column\">\n\t\t\t<div class=\"elementor-widget-wrap\">\n\t\t\t\t\t\t\t\t\t<\/div>\n\t\t<\/div>\n\t\t\t\t\t\t\t<\/div>\n\t\t<\/section>\n\t\t\t\t\t\t\t<\/div>","protected":false},"excerpt":{"rendered":"<p>Solu\u00e7\u00f5es Com\u00e9rcio &#8211; Est\u00e9tica e Fitness Solu\u00e7\u00f5es Com\u00e9rcio \u2013 Restaurantes Tapetes Toalhas Industriais Uniformes Cleanroom Uniformes Profissionais Vestimentas Agroneg\u00f3cio Vestimentas Antichamas Arm\u00e1rios Industriais Loca\u00e7\u00e3o e Higieniza\u00e7\u00e3o de EPIs<\/p>","protected":false},"author":2,"featured_media":0,"parent":0,"menu_order":0,"comment_status":"closed","ping_status":"closed","template":"","meta":{"_acf_changed":false,"footnotes":""},"class_list":["post-2349","page","type-page","status-publish","hentry"],"acf":[],"_links":{"self":[{"href":"https:\/\/alsco.com.br\/en\/wp-json\/wp\/v2\/pages\/2349","targetHints":{"allow":["GET"]}}],"collection":[{"href":"https:\/\/alsco.com.br\/en\/wp-json\/wp\/v2\/pages"}],"about":[{"href":"https:\/\/alsco.com.br\/en\/wp-json\/wp\/v2\/types\/page"}],"author":[{"embeddable":true,"href":"https:\/\/alsco.com.br\/en\/wp-json\/wp\/v2\/users\/2"}],"replies":[{"embeddable":true,"href":"https:\/\/alsco.com.br\/en\/wp-json\/wp\/v2\/comments?post=2349"}],"version-history":[{"count":106,"href":"https:\/\/alsco.com.br\/en\/wp-json\/wp\/v2\/pages\/2349\/revisions"}],"predecessor-version":[{"id":3112,"href":"https:\/\/alsco.com.br\/en\/wp-json\/wp\/v2\/pages\/2349\/revisions\/3112"}],"wp:attachment":[{"href":"https:\/\/alsco.com.br\/en\/wp-json\/wp\/v2\/media?parent=2349"}],"curies":[{"name":"wp","href":"https:\/\/api.w.org\/{rel}","templated":true}]}}